{"id":10061,"date":"2024-03-01T09:12:01","date_gmt":"2024-03-01T09:12:01","guid":{"rendered":"https:\/\/royaldent.hu\/?page_id=10061"},"modified":"2026-02-20T11:25:34","modified_gmt":"2026-02-20T11:25:34","slug":"fogkoeltavolitas","status":"publish","type":"page","link":"https:\/\/royaldent.hu\/ko\/fogkoeltavolitas\/","title":{"rendered":"Fogk\u0151elt\u00e1vol\u00edt\u00e1s"},"content":{"rendered":"<div data-elementor-type=\"wp-page\" data-elementor-id=\"10061\" class=\"elementor elementor-10061\" data-elementor-post-type=\"page\">\n\t\t\t\t<div class=\"elementor-element elementor-element-267f8114 e-flex e-con-boxed e-con e-parent\" data-id=\"267f8114\" data-element_type=\"container\" data-e-type=\"container\">\n\t\t\t\t\t<div class=\"e-con-inner\">\n\t\t\t\t<div class=\"elementor-element elementor-element-6ca0db82 elementor-widget elementor-widget-heading\" data-id=\"6ca0db82\" data-element_type=\"widget\" data-e-type=\"widget\" data-widget_type=\"heading.default\">\n\t\t\t\t<div class=\"elementor-widget-container\">\n\t\t\t\t\t<h1 class=\"elementor-heading-title elementor-size-default\">Fogk\u0151-elt\u00e1vol\u00edt\u00e1s<\/h1>\t\t\t\t<\/div>\n\t\t\t\t<\/div>\n\t\t\t\t\t<\/div>\n\t\t\t\t<\/div>\n\t\t<div class=\"elementor-element elementor-element-4cc0f079 e-flex e-con-boxed e-con e-parent\" data-id=\"4cc0f079\" data-element_type=\"container\" data-e-type=\"container\">\n\t\t\t\t\t<div class=\"e-con-inner\">\n\t\t<div class=\"elementor-element elementor-element-f01618c e-con-full e-flex e-con e-child\" data-id=\"f01618c\" data-element_type=\"container\" data-e-type=\"container\">\n\t\t\t\t<div class=\"elementor-element elementor-element-850708a elementor-widget elementor-widget-heading\" data-id=\"850708a\" data-element_type=\"widget\" data-e-type=\"widget\" data-widget_type=\"heading.default\">\n\t\t\t\t<div class=\"elementor-widget-container\">\n\t\t\t\t\t<h1 class=\"elementor-heading-title elementor-size-default\">Ultrahangos fogk\u0151-elt\u00e1vol\u00edt\u00e1s<\/h1>\t\t\t\t<\/div>\n\t\t\t\t<\/div>\n\t\t\t\t<div class=\"elementor-element elementor-element-6811f938 elementor-widget elementor-widget-text-editor\" data-id=\"6811f938\" data-element_type=\"widget\" data-e-type=\"widget\" data-widget_type=\"text-editor.default\">\n\t\t\t\t<div class=\"elementor-widget-container\">\n\t\t\t\t\t\t\t\t\t<p>Tudta, hogy a fogk\u0151 nem csup\u00e1n eszt\u00e9tikai probl\u00e9ma, de hossz\u00fa t\u00e1von komoly eg\u00e9szs\u00e9g\u00fcgyi kock\u00e1zatot rejt?<\/p><p>Itt az ideje, hogy b\u00facs\u00fat intsen a fogk\u0151nek \u00e9s megel\u0151zze a fog\u00e1szati probl\u00e9m\u00e1kat!<\/p><p>Mi\u00e9rt fontos a fogk\u0151-elt\u00e1vol\u00edt\u00e1s?<\/p><p>A fogk\u0151 a plakk megkem\u00e9nyed\u00e9s\u00e9vel j\u00f6n l\u00e9tre, \u00e9s gyullad\u00e1st, fog\u00ednyprobl\u00e9m\u00e1kat, valamint kellemetlen leheletet okozhat. Rendszeres elt\u00e1vol\u00edt\u00e1s\u00e1val nem csak meg\u0151rizheti fogai \u00e9s fog\u00ednye eg\u00e9szs\u00e9g\u00e9t, de hossz\u00fa t\u00e1von p\u00e9nzt is megtakar\u00edthat, elker\u00fclve a komolyabb beavatkoz\u00e1sokat.<\/p>\t\t\t\t\t\t\t\t<\/div>\n\t\t\t\t<\/div>\n\t\t\t\t<div class=\"elementor-element elementor-element-67d5cc59 elementor-align-center elementor-widget elementor-widget-button\" data-id=\"67d5cc59\" data-element_type=\"widget\" data-e-type=\"widget\" data-widget_type=\"button.default\">\n\t\t\t\t<div class=\"elementor-widget-container\">\n\t\t\t\t\t\t\t\t\t<div class=\"elementor-button-wrapper\">\n\t\t\t\t\t<a class=\"elementor-button elementor-button-link elementor-size-sm\" href=\"https:\/\/royaldent.hu\/ko\/#idopont\">\n\t\t\t\t\t\t<span class=\"elementor-button-content-wrapper\">\n\t\t\t\t\t\t\t\t\t<span class=\"elementor-button-text\">Id\u0151pontot k\u00e9rek fogk\u0151-elt\u00e1vol\u00edt\u00e1sra!<\/span>\n\t\t\t\t\t<\/span>\n\t\t\t\t\t<\/a>\n\t\t\t\t<\/div>\n\t\t\t\t\t\t\t\t<\/div>\n\t\t\t\t<\/div>\n\t\t\t\t<\/div>\n\t\t<div class=\"elementor-element elementor-element-f804b4c e-con-full e-flex e-con e-child\" data-id=\"f804b4c\" data-element_type=\"container\" data-e-type=\"container\">\n\t\t\t\t<div class=\"elementor-element elementor-element-1463cc59 elementor-widget elementor-widget-image\" data-id=\"1463cc59\" data-element_type=\"widget\" data-e-type=\"widget\" data-widget_type=\"image.default\">\n\t\t\t\t<div class=\"elementor-widget-container\">\n\t\t\t\t\t\t\t\t\t\t\t\t\t\t\t<img fetchpriority=\"high\" decoding=\"async\" width=\"800\" height=\"534\" src=\"https:\/\/royaldent.hu\/wp-content\/uploads\/2024\/02\/Royaldent-fogkoeltavolitas-8.-kerulet-2-1024x683.png\" class=\"attachment-large size-large wp-image-9959\" alt=\"Royaldent fogk\u0151elt\u00e1vol\u00edt\u00e1s 8. ker\u00fclet 2\" srcset=\"https:\/\/royaldent.hu\/wp-content\/uploads\/2024\/02\/Royaldent-fogkoeltavolitas-8.-kerulet-2-1024x683.png 1024w, https:\/\/royaldent.hu\/wp-content\/uploads\/2024\/02\/Royaldent-fogkoeltavolitas-8.-kerulet-2-300x200.png 300w, https:\/\/royaldent.hu\/wp-content\/uploads\/2024\/02\/Royaldent-fogkoeltavolitas-8.-kerulet-2-768x512.png 768w, https:\/\/royaldent.hu\/wp-content\/uploads\/2024\/02\/Royaldent-fogkoeltavolitas-8.-kerulet-2-18x12.png 18w, https:\/\/royaldent.hu\/wp-content\/uploads\/2024\/02\/Royaldent-fogkoeltavolitas-8.-kerulet-2.png 1200w\" sizes=\"(max-width: 800px) 100vw, 800px\" \/>\t\t\t\t\t\t\t\t\t\t\t\t\t\t\t<\/div>\n\t\t\t\t<\/div>\n\t\t\t\t<\/div>\n\t\t\t\t\t<\/div>\n\t\t\t\t<\/div>\n\t\t<div class=\"elementor-element elementor-element-64036608 e-flex e-con-boxed e-con e-parent\" data-id=\"64036608\" data-element_type=\"container\" data-e-type=\"container\" data-settings=\"{&quot;background_background&quot;:&quot;classic&quot;}\">\n\t\t\t\t\t<div class=\"e-con-inner\">\n\t\t\t\t<div class=\"elementor-element elementor-element-69e24613 elementor-widget elementor-widget-text-editor\" data-id=\"69e24613\" data-element_type=\"widget\" data-e-type=\"widget\" data-widget_type=\"text-editor.default\">\n\t\t\t\t<div class=\"elementor-widget-container\">\n\t\t\t\t\t\t\t\t\t<p><strong>Milyen gyakran aj\u00e1nlott a fogk\u0151-elt\u00e1vol\u00edt\u00e1s?<\/strong><\/p><p>A fogk\u0151-elt\u00e1vol\u00edt\u00e1s, (mely a k\u00f6znyelvben fogk\u0151leszed\u00e9sk\u00e9nt ismert) egy alapvet\u0151 \u00e9s rendk\u00edv\u00fcl hat\u00e9kony fog\u00e1szati elj\u00e1r\u00e1s, amely kulcsfontoss\u00e1g\u00fa szerepet j\u00e1tszik a fogak \u00e9s a fog\u00edny eg\u00e9szs\u00e9g\u00e9nek fenntart\u00e1s\u00e1ban. Annak \u00e9rdek\u00e9ben, hogy meg\u0151rizz\u00fck mosolyunk ragyog\u00e1s\u00e1t \u00e9s eg\u00e9szs\u00e9g\u00e9t, szak\u00e9rt\u0151ink aj\u00e1nl\u00e1sai szerint \u00e9vente 1-2 alkalommal c\u00e9lszer\u0171 elv\u00e9gezni ezt a kezel\u00e9st. Fontos azonban megjegyezni, hogy mivel mindenki egyedi m\u00f3don hajlamos a fogk\u0151 k\u00e9pz\u0151d\u00e9s\u00e9re, ez\u00e9rt egyes esetekben sz\u00fcks\u00e9g lehet gyakoribb beavatkoz\u00e1sra is.<\/p><p>A fogk\u0151-elt\u00e1vol\u00edt\u00e1s el\u0151nyei<\/p><ul><li>eg\u00e9szs\u00e9gesebb fog\u00edny \u00e9s cs\u00f6kkentett gyullad\u00e1s kock\u00e1zata<\/li><li>friss lehelet, amely \u00f6nbizalmat ad minden nap<\/li><li>megel\u0151z\u00e9s a fogszuvasod\u00e1s \u00e9s egy\u00e9b komplik\u00e1ci\u00f3k ellen<\/li><\/ul>\t\t\t\t\t\t\t\t<\/div>\n\t\t\t\t<\/div>\n\t\t\t\t\t<\/div>\n\t\t\t\t<\/div>\n\t\t<div class=\"elementor-element elementor-element-2f1e0c33 e-flex e-con-boxed e-con e-parent\" data-id=\"2f1e0c33\" data-element_type=\"container\" data-e-type=\"container\">\n\t\t\t\t\t<div class=\"e-con-inner\">\n\t\t\t\t<div class=\"elementor-element elementor-element-29c7b995 elementor-widget elementor-widget-heading\" data-id=\"29c7b995\" data-element_type=\"widget\" data-e-type=\"widget\" data-widget_type=\"heading.default\">\n\t\t\t\t<div class=\"elementor-widget-container\">\n\t\t\t\t\t<h1 class=\"elementor-heading-title elementor-size-default\">Az ultrahangos fogk\u0151-elt\u00e1vol\u00edt\u00e1s folyamata<\/h1>\t\t\t\t<\/div>\n\t\t\t\t<\/div>\n\t\t\t\t<div class=\"elementor-element elementor-element-27a16520 elementor-widget elementor-widget-text-editor\" data-id=\"27a16520\" data-element_type=\"widget\" data-e-type=\"widget\" data-widget_type=\"text-editor.default\">\n\t\t\t\t<div class=\"elementor-widget-container\">\n\t\t\t\t\t\t\t\t\t<ol><li>A kezel\u00e9s els\u0151 l\u00e9p\u00e9se egy alapos fog\u00e1szati vizsg\u00e1lat, amely sor\u00e1n fogorvosunk megvizsg\u00e1lja a fogak \u00e9s a fog\u00edny \u00e1llapot\u00e1t, felm\u00e9ri a fogk\u0151 m\u00e9rt\u00e9k\u00e9t \u00e9s elhelyezked\u00e9s\u00e9t. Ez az el\u0151zetes konzult\u00e1ci\u00f3 lehet\u0151s\u00e9get biztos\u00edt arra, hogy szem\u00e9lyre szabott tan\u00e1csokat adjunk a kezel\u00e9sre \u00e9s az ut\u00f3\u00e1pol\u00e1sra vonatkoz\u00f3an.<\/li><\/ol><ol start=\"2\"><li>Egy ultrahangos eszk\u00f6zt haszn\u00e1lunk, amely finom rezg\u00e9sekkel oldja fel a fogk\u0151 kem\u00e9ny r\u00e9tegeit. Ez a m\u00f3dszer k\u00fcl\u00f6n\u00f6sen hat\u00e9kony a nagyobb fogk\u0151lerak\u00f3d\u00e1sok elt\u00e1vol\u00edt\u00e1s\u00e1ban, an\u00e9lk\u00fcl, hogy k\u00e1ros\u00edtan\u00e1 a fogzom\u00e1ncot.<\/li><\/ol><ol start=\"4\"><li>A fogk\u0151 elt\u00e1vol\u00edt\u00e1sa ut\u00e1n a fogak fel\u00fclet\u00e9t alaposan megtiszt\u00edtjuk, majd egy Air-Flow technol\u00f3gia seg\u00edts\u00e9g\u00e9vel pol\u00edrozzuk. Ez nemcsak sim\u00e1bb\u00e1 teszi a fogakat, de cs\u00f6kkenti a plakk \u00fajb\u00f3li megtapad\u00e1s\u00e1nak es\u00e9ly\u00e9t is.<\/li><li>A kezel\u00e9s befejezt\u00e9vel fogorvosunk szem\u00e9lyre szabott tan\u00e1csokkal l\u00e1tja el \u00d6nt a napi sz\u00e1jhigi\u00e9niai rutinra \u00e9s az eg\u00e9szs\u00e9ges \u00e9trendre vonatkoz\u00f3an, hogy seg\u00edtsen megel\u0151zni a fogk\u0151 \u00fajb\u00f3li k\u00e9pz\u0151d\u00e9s\u00e9t.<\/li><\/ol>\t\t\t\t\t\t\t\t<\/div>\n\t\t\t\t<\/div>\n\t\t\t\t<div class=\"elementor-element elementor-element-2bba9e03 elementor-widget elementor-widget-image\" data-id=\"2bba9e03\" data-element_type=\"widget\" data-e-type=\"widget\" data-widget_type=\"image.default\">\n\t\t\t\t<div class=\"elementor-widget-container\">\n\t\t\t\t\t\t\t\t\t\t\t\t\t\t\t<img decoding=\"async\" width=\"800\" height=\"534\" src=\"https:\/\/royaldent.hu\/wp-content\/uploads\/2024\/02\/Royaldent-fogkoeltavolitas-folyamata-8.-kerulet-2-1024x683.png\" class=\"attachment-large size-large wp-image-9960\" alt=\"Royaldent fogk\u0151elt\u00e1vol\u00edt\u00e1s folyamata 8. ker\u00fclet ultrahangos fogk\u0151-elt\u00e1vol\u00edt\u00e1s\" srcset=\"https:\/\/royaldent.hu\/wp-content\/uploads\/2024\/02\/Royaldent-fogkoeltavolitas-folyamata-8.-kerulet-2-1024x683.png 1024w, https:\/\/royaldent.hu\/wp-content\/uploads\/2024\/02\/Royaldent-fogkoeltavolitas-folyamata-8.-kerulet-2-300x200.png 300w, https:\/\/royaldent.hu\/wp-content\/uploads\/2024\/02\/Royaldent-fogkoeltavolitas-folyamata-8.-kerulet-2-768x512.png 768w, https:\/\/royaldent.hu\/wp-content\/uploads\/2024\/02\/Royaldent-fogkoeltavolitas-folyamata-8.-kerulet-2-18x12.png 18w, https:\/\/royaldent.hu\/wp-content\/uploads\/2024\/02\/Royaldent-fogkoeltavolitas-folyamata-8.-kerulet-2.png 1200w\" sizes=\"(max-width: 800px) 100vw, 800px\" \/>\t\t\t\t\t\t\t\t\t\t\t\t\t\t\t<\/div>\n\t\t\t\t<\/div>\n\t\t\t\t<div class=\"elementor-element elementor-element-8488095 elementor-align-center elementor-widget elementor-widget-button\" data-id=\"8488095\" data-element_type=\"widget\" data-e-type=\"widget\" data-widget_type=\"button.default\">\n\t\t\t\t<div class=\"elementor-widget-container\">\n\t\t\t\t\t\t\t\t\t<div class=\"elementor-button-wrapper\">\n\t\t\t\t\t<a class=\"elementor-button elementor-button-link elementor-size-sm\" href=\"https:\/\/royaldent.hu\/ko\/#idopont\">\n\t\t\t\t\t\t<span class=\"elementor-button-content-wrapper\">\n\t\t\t\t\t\t\t\t\t<span class=\"elementor-button-text\">Id\u0151pontot k\u00e9rek fogk\u0151elt\u00e1vol\u00edt\u00e1sra!<\/span>\n\t\t\t\t\t<\/span>\n\t\t\t\t\t<\/a>\n\t\t\t\t<\/div>\n\t\t\t\t\t\t\t\t<\/div>\n\t\t\t\t<\/div>\n\t\t\t\t\t<\/div>\n\t\t\t\t<\/div>\n\t\t<div class=\"elementor-element elementor-element-8a140c3 e-flex e-con-boxed e-con e-parent\" data-id=\"8a140c3\" data-element_type=\"container\" data-e-type=\"container\">\n\t\t\t\t\t<div class=\"e-con-inner\">\n\t\t\t\t<div class=\"elementor-element elementor-element-9523633 elementor-widget elementor-widget-spacer\" data-id=\"9523633\" data-element_type=\"widget\" data-e-type=\"widget\" data-widget_type=\"spacer.default\">\n\t\t\t\t<div class=\"elementor-widget-container\">\n\t\t\t\t\t\t\t<div class=\"elementor-spacer\">\n\t\t\t<div class=\"elementor-spacer-inner\"><\/div>\n\t\t<\/div>\n\t\t\t\t\t\t<\/div>\n\t\t\t\t<\/div>\n\t\t\t\t\t<\/div>\n\t\t\t\t<\/div>\n\t\t\t\t<\/div>","protected":false},"excerpt":{"rendered":"<p>Fogk\u0151-elt\u00e1vol\u00edt\u00e1s Ultrahangos fogk\u0151-elt\u00e1vol\u00edt\u00e1s Tudta, hogy a fogk\u0151 nem csup\u00e1n eszt\u00e9tikai probl\u00e9ma, de hossz\u00fa t\u00e1von komoly eg\u00e9szs\u00e9g\u00fcgyi kock\u00e1zatot rejt? Itt az ideje, hogy b\u00facs\u00fat intsen a fogk\u0151nek \u00e9s megel\u0151zze a fog\u00e1szati probl\u00e9m\u00e1kat! Mi\u00e9rt fontos a fogk\u0151-elt\u00e1vol\u00edt\u00e1s? A fogk\u0151 a plakk megkem\u00e9nyed\u00e9s\u00e9vel j\u00f6n l\u00e9tre, \u00e9s gyullad\u00e1st, fog\u00ednyprobl\u00e9m\u00e1kat, valamint kellemetlen leheletet okozhat. Rendszeres elt\u00e1vol\u00edt\u00e1s\u00e1val nem csak meg\u0151rizheti fogai [&hellip;]<\/p>\n","protected":false},"author":3,"featured_media":0,"parent":0,"menu_order":0,"comment_status":"closed","ping_status":"closed","template":"","meta":{"footnotes":""},"class_list":["post-10061","page","type-page","status-publish","hentry"],"yoast_head":"<!-- This site is optimized with the Yoast SEO plugin v27.3 - https:\/\/yoast.com\/product\/yoast-seo-wordpress\/ -->\n<title>Fogk\u0151elt\u00e1vol\u00edt\u00e1s - Royal Dent<\/title>\n<meta name=\"robots\" content=\"index, follow, max-snippet:-1, max-image-preview:large, max-video-preview:-1\" \/>\n<link rel=\"canonical\" href=\"https:\/\/royaldent.hu\/ko\/fogkoeltavolitas\/\" \/>\n<meta property=\"og:locale\" content=\"ko_KR\" \/>\n<meta property=\"og:type\" content=\"article\" \/>\n<meta property=\"og:title\" content=\"Fogk\u0151elt\u00e1vol\u00edt\u00e1s - Royal Dent\" \/>\n<meta property=\"og:description\" content=\"Fogk\u0151-elt\u00e1vol\u00edt\u00e1s Ultrahangos fogk\u0151-elt\u00e1vol\u00edt\u00e1s Tudta, hogy a fogk\u0151 nem csup\u00e1n eszt\u00e9tikai probl\u00e9ma, de hossz\u00fa t\u00e1von komoly eg\u00e9szs\u00e9g\u00fcgyi kock\u00e1zatot rejt? Itt az ideje, hogy b\u00facs\u00fat intsen a fogk\u0151nek \u00e9s megel\u0151zze a fog\u00e1szati probl\u00e9m\u00e1kat! Mi\u00e9rt fontos a fogk\u0151-elt\u00e1vol\u00edt\u00e1s? A fogk\u0151 a plakk megkem\u00e9nyed\u00e9s\u00e9vel j\u00f6n l\u00e9tre, \u00e9s gyullad\u00e1st, fog\u00ednyprobl\u00e9m\u00e1kat, valamint kellemetlen leheletet okozhat. Rendszeres elt\u00e1vol\u00edt\u00e1s\u00e1val nem csak meg\u0151rizheti fogai [&hellip;]\" \/>\n<meta property=\"og:url\" content=\"https:\/\/royaldent.hu\/ko\/fogkoeltavolitas\/\" \/>\n<meta property=\"og:site_name\" content=\"Royal Dent\" \/>\n<meta property=\"article:modified_time\" content=\"2026-02-20T11:25:34+00:00\" \/>\n<meta property=\"og:image\" content=\"https:\/\/royaldent.hu\/wp-content\/uploads\/2024\/02\/Royaldent-fogkoeltavolitas-8.-kerulet-2.png\" \/>\n\t<meta property=\"og:image:width\" content=\"1200\" \/>\n\t<meta property=\"og:image:height\" content=\"800\" \/>\n\t<meta property=\"og:image:type\" content=\"image\/png\" \/>\n<meta name=\"twitter:card\" content=\"summary_large_image\" \/>\n<meta name=\"twitter:label1\" content=\"\uc608\uc0c1 \ub418\ub294 \ud310\ub3c5 \uc2dc\uac04\" \/>\n\t<meta name=\"twitter:data1\" content=\"2\ubd84\" \/>\n<script type=\"application\/ld+json\" class=\"yoast-schema-graph\">{\"@context\":\"https:\\\/\\\/schema.org\",\"@graph\":[{\"@type\":\"WebPage\",\"@id\":\"https:\\\/\\\/royaldent.hu\\\/fogkoeltavolitas\\\/\",\"url\":\"https:\\\/\\\/royaldent.hu\\\/fogkoeltavolitas\\\/\",\"name\":\"Fogk\u0151elt\u00e1vol\u00edt\u00e1s - Royal Dent\",\"isPartOf\":{\"@id\":\"https:\\\/\\\/royaldent.hu\\\/#website\"},\"primaryImageOfPage\":{\"@id\":\"https:\\\/\\\/royaldent.hu\\\/fogkoeltavolitas\\\/#primaryimage\"},\"image\":{\"@id\":\"https:\\\/\\\/royaldent.hu\\\/fogkoeltavolitas\\\/#primaryimage\"},\"thumbnailUrl\":\"https:\\\/\\\/royaldent.hu\\\/wp-content\\\/uploads\\\/2024\\\/02\\\/Royaldent-fogkoeltavolitas-8.-kerulet-2-1024x683.png\",\"datePublished\":\"2024-03-01T09:12:01+00:00\",\"dateModified\":\"2026-02-20T11:25:34+00:00\",\"breadcrumb\":{\"@id\":\"https:\\\/\\\/royaldent.hu\\\/fogkoeltavolitas\\\/#breadcrumb\"},\"inLanguage\":\"ko-KR\",\"potentialAction\":[{\"@type\":\"ReadAction\",\"target\":[\"https:\\\/\\\/royaldent.hu\\\/fogkoeltavolitas\\\/\"]}]},{\"@type\":\"ImageObject\",\"inLanguage\":\"ko-KR\",\"@id\":\"https:\\\/\\\/royaldent.hu\\\/fogkoeltavolitas\\\/#primaryimage\",\"url\":\"https:\\\/\\\/royaldent.hu\\\/wp-content\\\/uploads\\\/2024\\\/02\\\/Royaldent-fogkoeltavolitas-8.-kerulet-2-1024x683.png\",\"contentUrl\":\"https:\\\/\\\/royaldent.hu\\\/wp-content\\\/uploads\\\/2024\\\/02\\\/Royaldent-fogkoeltavolitas-8.-kerulet-2-1024x683.png\"},{\"@type\":\"BreadcrumbList\",\"@id\":\"https:\\\/\\\/royaldent.hu\\\/fogkoeltavolitas\\\/#breadcrumb\",\"itemListElement\":[{\"@type\":\"ListItem\",\"position\":1,\"name\":\"Kezd\u0151lap\",\"item\":\"https:\\\/\\\/royaldent.hu\\\/\"},{\"@type\":\"ListItem\",\"position\":2,\"name\":\"Fogk\u0151elt\u00e1vol\u00edt\u00e1s\"}]},{\"@type\":\"WebSite\",\"@id\":\"https:\\\/\\\/royaldent.hu\\\/#website\",\"url\":\"https:\\\/\\\/royaldent.hu\\\/\",\"name\":\"Royal Dent\",\"description\":\"\",\"publisher\":{\"@id\":\"https:\\\/\\\/royaldent.hu\\\/#organization\"},\"potentialAction\":[{\"@type\":\"SearchAction\",\"target\":{\"@type\":\"EntryPoint\",\"urlTemplate\":\"https:\\\/\\\/royaldent.hu\\\/?s={search_term_string}\"},\"query-input\":{\"@type\":\"PropertyValueSpecification\",\"valueRequired\":true,\"valueName\":\"search_term_string\"}}],\"inLanguage\":\"ko-KR\"},{\"@type\":\"Organization\",\"@id\":\"https:\\\/\\\/royaldent.hu\\\/#organization\",\"name\":\"Royal Dent\",\"url\":\"https:\\\/\\\/royaldent.hu\\\/\",\"logo\":{\"@type\":\"ImageObject\",\"inLanguage\":\"ko-KR\",\"@id\":\"https:\\\/\\\/royaldent.hu\\\/#\\\/schema\\\/logo\\\/image\\\/\",\"url\":\"https:\\\/\\\/royaldent.hu\\\/wp-content\\\/uploads\\\/2024\\\/07\\\/Royaldent_logo.png\",\"contentUrl\":\"https:\\\/\\\/royaldent.hu\\\/wp-content\\\/uploads\\\/2024\\\/07\\\/Royaldent_logo.png\",\"width\":550,\"height\":166,\"caption\":\"Royal Dent\"},\"image\":{\"@id\":\"https:\\\/\\\/royaldent.hu\\\/#\\\/schema\\\/logo\\\/image\\\/\"}}]}<\/script>\n<!-- \/ Yoast SEO plugin. -->","yoast_head_json":{"title":"Fogk\u0151elt\u00e1vol\u00edt\u00e1s - Royal Dent","robots":{"index":"index","follow":"follow","max-snippet":"max-snippet:-1","max-image-preview":"max-image-preview:large","max-video-preview":"max-video-preview:-1"},"canonical":"https:\/\/royaldent.hu\/ko\/fogkoeltavolitas\/","og_locale":"ko_KR","og_type":"article","og_title":"Fogk\u0151elt\u00e1vol\u00edt\u00e1s - Royal Dent","og_description":"Fogk\u0151-elt\u00e1vol\u00edt\u00e1s Ultrahangos fogk\u0151-elt\u00e1vol\u00edt\u00e1s Tudta, hogy a fogk\u0151 nem csup\u00e1n eszt\u00e9tikai probl\u00e9ma, de hossz\u00fa t\u00e1von komoly eg\u00e9szs\u00e9g\u00fcgyi kock\u00e1zatot rejt? Itt az ideje, hogy b\u00facs\u00fat intsen a fogk\u0151nek \u00e9s megel\u0151zze a fog\u00e1szati probl\u00e9m\u00e1kat! Mi\u00e9rt fontos a fogk\u0151-elt\u00e1vol\u00edt\u00e1s? A fogk\u0151 a plakk megkem\u00e9nyed\u00e9s\u00e9vel j\u00f6n l\u00e9tre, \u00e9s gyullad\u00e1st, fog\u00ednyprobl\u00e9m\u00e1kat, valamint kellemetlen leheletet okozhat. Rendszeres elt\u00e1vol\u00edt\u00e1s\u00e1val nem csak meg\u0151rizheti fogai [&hellip;]","og_url":"https:\/\/royaldent.hu\/ko\/fogkoeltavolitas\/","og_site_name":"Royal Dent","article_modified_time":"2026-02-20T11:25:34+00:00","og_image":[{"width":1200,"height":800,"url":"https:\/\/royaldent.hu\/wp-content\/uploads\/2024\/02\/Royaldent-fogkoeltavolitas-8.-kerulet-2.png","type":"image\/png"}],"twitter_card":"summary_large_image","twitter_misc":{"\uc608\uc0c1 \ub418\ub294 \ud310\ub3c5 \uc2dc\uac04":"2\ubd84"},"schema":{"@context":"https:\/\/schema.org","@graph":[{"@type":"WebPage","@id":"https:\/\/royaldent.hu\/fogkoeltavolitas\/","url":"https:\/\/royaldent.hu\/fogkoeltavolitas\/","name":"Fogk\u0151elt\u00e1vol\u00edt\u00e1s - Royal Dent","isPartOf":{"@id":"https:\/\/royaldent.hu\/#website"},"primaryImageOfPage":{"@id":"https:\/\/royaldent.hu\/fogkoeltavolitas\/#primaryimage"},"image":{"@id":"https:\/\/royaldent.hu\/fogkoeltavolitas\/#primaryimage"},"thumbnailUrl":"https:\/\/royaldent.hu\/wp-content\/uploads\/2024\/02\/Royaldent-fogkoeltavolitas-8.-kerulet-2-1024x683.png","datePublished":"2024-03-01T09:12:01+00:00","dateModified":"2026-02-20T11:25:34+00:00","breadcrumb":{"@id":"https:\/\/royaldent.hu\/fogkoeltavolitas\/#breadcrumb"},"inLanguage":"ko-KR","potentialAction":[{"@type":"ReadAction","target":["https:\/\/royaldent.hu\/fogkoeltavolitas\/"]}]},{"@type":"ImageObject","inLanguage":"ko-KR","@id":"https:\/\/royaldent.hu\/fogkoeltavolitas\/#primaryimage","url":"https:\/\/royaldent.hu\/wp-content\/uploads\/2024\/02\/Royaldent-fogkoeltavolitas-8.-kerulet-2-1024x683.png","contentUrl":"https:\/\/royaldent.hu\/wp-content\/uploads\/2024\/02\/Royaldent-fogkoeltavolitas-8.-kerulet-2-1024x683.png"},{"@type":"BreadcrumbList","@id":"https:\/\/royaldent.hu\/fogkoeltavolitas\/#breadcrumb","itemListElement":[{"@type":"ListItem","position":1,"name":"Kezd\u0151lap","item":"https:\/\/royaldent.hu\/"},{"@type":"ListItem","position":2,"name":"Fogk\u0151elt\u00e1vol\u00edt\u00e1s"}]},{"@type":"WebSite","@id":"https:\/\/royaldent.hu\/#website","url":"https:\/\/royaldent.hu\/","name":"Royal Dent","description":"","publisher":{"@id":"https:\/\/royaldent.hu\/#organization"},"potentialAction":[{"@type":"SearchAction","target":{"@type":"EntryPoint","urlTemplate":"https:\/\/royaldent.hu\/?s={search_term_string}"},"query-input":{"@type":"PropertyValueSpecification","valueRequired":true,"valueName":"search_term_string"}}],"inLanguage":"ko-KR"},{"@type":"Organization","@id":"https:\/\/royaldent.hu\/#organization","name":"Royal Dent","url":"https:\/\/royaldent.hu\/","logo":{"@type":"ImageObject","inLanguage":"ko-KR","@id":"https:\/\/royaldent.hu\/#\/schema\/logo\/image\/","url":"https:\/\/royaldent.hu\/wp-content\/uploads\/2024\/07\/Royaldent_logo.png","contentUrl":"https:\/\/royaldent.hu\/wp-content\/uploads\/2024\/07\/Royaldent_logo.png","width":550,"height":166,"caption":"Royal Dent"},"image":{"@id":"https:\/\/royaldent.hu\/#\/schema\/logo\/image\/"}}]}},"_links":{"self":[{"href":"https:\/\/royaldent.hu\/ko\/wp-json\/wp\/v2\/pages\/10061","targetHints":{"allow":["GET"]}}],"collection":[{"href":"https:\/\/royaldent.hu\/ko\/wp-json\/wp\/v2\/pages"}],"about":[{"href":"https:\/\/royaldent.hu\/ko\/wp-json\/wp\/v2\/types\/page"}],"author":[{"embeddable":true,"href":"https:\/\/royaldent.hu\/ko\/wp-json\/wp\/v2\/users\/3"}],"replies":[{"embeddable":true,"href":"https:\/\/royaldent.hu\/ko\/wp-json\/wp\/v2\/comments?post=10061"}],"version-history":[{"count":41,"href":"https:\/\/royaldent.hu\/ko\/wp-json\/wp\/v2\/pages\/10061\/revisions"}],"predecessor-version":[{"id":12512,"href":"https:\/\/royaldent.hu\/ko\/wp-json\/wp\/v2\/pages\/10061\/revisions\/12512"}],"wp:attachment":[{"href":"https:\/\/royaldent.hu\/ko\/wp-json\/wp\/v2\/media?parent=10061"}],"curies":[{"name":"wp","href":"https:\/\/api.w.org\/{rel}","templated":true}]}}