{"id":9238,"date":"2023-11-07T06:38:54","date_gmt":"2023-11-07T06:38:54","guid":{"rendered":"https:\/\/royaldent.hu\/?page_id=9238"},"modified":"2024-04-30T08:38:56","modified_gmt":"2024-04-30T08:38:56","slug":"blog","status":"publish","type":"page","link":"http:\/\/royaldent.hu\/fa\/blog\/","title":{"rendered":"Blog"},"content":{"rendered":"<div data-elementor-type=\"wp-page\" data-elementor-id=\"9238\" class=\"elementor elementor-9238\" data-elementor-post-type=\"page\">\n\t\t\t\t<div class=\"elementor-element elementor-element-dae8fa1 e-flex e-con-boxed e-con e-parent\" data-id=\"dae8fa1\" data-element_type=\"container\" data-e-type=\"container\">\n\t\t\t\t\t<div class=\"e-con-inner\">\n\t\t\t\t<div class=\"elementor-element elementor-element-707ef66 elementor-widget elementor-widget-heading\" data-id=\"707ef66\" data-element_type=\"widget\" data-e-type=\"widget\" data-widget_type=\"heading.default\">\n\t\t\t\t<div class=\"elementor-widget-container\">\n\t\t\t\t\t<h2 class=\"elementor-heading-title elementor-size-default\">Blog<\/h2>\t\t\t\t<\/div>\n\t\t\t\t<\/div>\n\t\t\t\t\t<\/div>\n\t\t\t\t<\/div>\n\t\t<div class=\"elementor-element elementor-element-8b2407e e-flex e-con-boxed e-con e-parent\" data-id=\"8b2407e\" data-element_type=\"container\" data-e-type=\"container\">\n\t\t\t\t\t<div class=\"e-con-inner\">\n\t\t\t\t<div class=\"elementor-element elementor-element-15ecda4 elementor-grid-2 elementor-grid-tablet-2 elementor-grid-mobile-1 elementor-posts--thumbnail-top elementor-card-shadow-yes elementor-posts__hover-gradient elementor-widget elementor-widget-posts\" data-id=\"15ecda4\" data-element_type=\"widget\" data-e-type=\"widget\" data-settings=\"{&quot;cards_columns&quot;:&quot;2&quot;,&quot;cards_columns_tablet&quot;:&quot;2&quot;,&quot;cards_columns_mobile&quot;:&quot;1&quot;,&quot;cards_row_gap&quot;:{&quot;unit&quot;:&quot;px&quot;,&quot;size&quot;:35,&quot;sizes&quot;:[]},&quot;cards_row_gap_tablet&quot;:{&quot;unit&quot;:&quot;px&quot;,&quot;size&quot;:&quot;&quot;,&quot;sizes&quot;:[]},&quot;cards_row_gap_mobile&quot;:{&quot;unit&quot;:&quot;px&quot;,&quot;size&quot;:&quot;&quot;,&quot;sizes&quot;:[]}}\" data-widget_type=\"posts.cards\">\n\t\t\t\t<div class=\"elementor-widget-container\">\n\t\t\t\t\t\t\t<div class=\"elementor-posts-container elementor-posts elementor-posts--skin-cards elementor-grid\" role=\"list\">\n\t\t\t\t<article class=\"elementor-post elementor-grid-item post-12413 post type-post status-publish format-standard has-post-thumbnail hentry category-uncategorized\" role=\"listitem\">\n\t\t\t<div class=\"elementor-post__card\">\n\t\t\t\t<a class=\"elementor-post__thumbnail__link\" href=\"http:\/\/royaldent.hu\/fa\/2025\/12\/fogko-eltavolitas-fontossaga\/\" tabindex=\"-1\" ><div class=\"elementor-post__thumbnail\"><img fetchpriority=\"high\" decoding=\"async\" width=\"800\" height=\"584\" src=\"https:\/\/royaldent.hu\/wp-content\/uploads\/2025\/12\/Miert-valasszam-a-lathatatlan-fogszabalyozast-masolata-masolata-1024x747.png\" class=\"attachment-large size-large wp-image-12416\" alt=\"Fogk\u0151-elt\u00e1vol\u00edt\u00e1si kezel\u00e9s\" srcset=\"https:\/\/royaldent.hu\/wp-content\/uploads\/2025\/12\/Miert-valasszam-a-lathatatlan-fogszabalyozast-masolata-masolata-1024x747.png 1024w, https:\/\/royaldent.hu\/wp-content\/uploads\/2025\/12\/Miert-valasszam-a-lathatatlan-fogszabalyozast-masolata-masolata-300x219.png 300w, https:\/\/royaldent.hu\/wp-content\/uploads\/2025\/12\/Miert-valasszam-a-lathatatlan-fogszabalyozast-masolata-masolata-768x560.png 768w, https:\/\/royaldent.hu\/wp-content\/uploads\/2025\/12\/Miert-valasszam-a-lathatatlan-fogszabalyozast-masolata-masolata-1536x1120.png 1536w, https:\/\/royaldent.hu\/wp-content\/uploads\/2025\/12\/Miert-valasszam-a-lathatatlan-fogszabalyozast-masolata-masolata-16x12.png 16w, https:\/\/royaldent.hu\/wp-content\/uploads\/2025\/12\/Miert-valasszam-a-lathatatlan-fogszabalyozast-masolata-masolata.png 1920w\" sizes=\"(max-width: 800px) 100vw, 800px\" \/><\/div><\/a>\n\t\t\t\t<div class=\"elementor-post__text\">\n\t\t\t\t<h3 class=\"elementor-post__title\">\n\t\t\t<a href=\"http:\/\/royaldent.hu\/fa\/2025\/12\/fogko-eltavolitas-fontossaga\/\" >\n\t\t\t\tMi\u00e9rt elengedhetetlen a rendszeres fogk\u0151-elt\u00e1vol\u00edt\u00e1s?\t\t\t<\/a>\n\t\t<\/h3>\n\t\t\t\t<div class=\"elementor-post__excerpt\">\n\t\t\t<p>Tudta, hogy a fogk\u0151 nem csak elcs\u00faf\u00edtja fogait, hanem komoly sz\u00e1jhigi\u00e9niai \u00e9s eg\u00e9szs\u00e9g\u00fcgyi kock\u00e1zatot is rejt? Ismerje meg, mi\u00e9rt aj\u00e1nlott f\u00e9l \u00e9vente ultrahangos fogk\u0151-elt\u00e1vol\u00edt\u00e1s, \u00e9s hogyan dolgozunk a Royal Dentn\u00e9l.<\/p>\n\t\t<\/div>\n\t\t\n\t\t<a class=\"elementor-post__read-more\" href=\"http:\/\/royaldent.hu\/fa\/2025\/12\/fogko-eltavolitas-fontossaga\/\" aria-label=\"Read more about Mi\u00e9rt elengedhetetlen a rendszeres fogk\u0151-elt\u00e1vol\u00edt\u00e1s?\" tabindex=\"-1\" >\n\t\t\tTov\u00e1bb olvasom \u00bb\t\t<\/a>\n\n\t\t\t\t<\/div>\n\t\t\t\t<div class=\"elementor-post__meta-data\">\n\t\t\t\t\t<span class=\"elementor-post-date\">\n\t\t\t\u062f\u0633\u0627\u0645\u0628\u0631 17, 2025\t\t<\/span>\n\t\t\t\t<\/div>\n\t\t\t\t\t<\/div>\n\t\t<\/article>\n\t\t\t\t<article class=\"elementor-post elementor-grid-item post-12351 post type-post status-publish format-standard has-post-thumbnail hentry category-uncategorized\" role=\"listitem\">\n\t\t\t<div class=\"elementor-post__card\">\n\t\t\t\t<a class=\"elementor-post__thumbnail__link\" href=\"http:\/\/royaldent.hu\/fa\/2025\/10\/all-on-4-implantatum-esettanulmany\/\" tabindex=\"-1\" ><div class=\"elementor-post__thumbnail\"><img decoding=\"async\" width=\"800\" height=\"533\" src=\"https:\/\/royaldent.hu\/wp-content\/uploads\/2025\/10\/IMG_20251127_132112-scaled-e1765898767457-1024x682.jpg\" class=\"attachment-large size-large wp-image-12412\" alt=\"Implant\u00e1tumok felhelyez\u00e9s\u00e9r\u0151l r\u00f6ntgen All on 4\" srcset=\"https:\/\/royaldent.hu\/wp-content\/uploads\/2025\/10\/IMG_20251127_132112-scaled-e1765898767457-1024x682.jpg 1024w, https:\/\/royaldent.hu\/wp-content\/uploads\/2025\/10\/IMG_20251127_132112-scaled-e1765898767457-300x200.jpg 300w, https:\/\/royaldent.hu\/wp-content\/uploads\/2025\/10\/IMG_20251127_132112-scaled-e1765898767457-768x512.jpg 768w, https:\/\/royaldent.hu\/wp-content\/uploads\/2025\/10\/IMG_20251127_132112-scaled-e1765898767457-1536x1024.jpg 1536w, https:\/\/royaldent.hu\/wp-content\/uploads\/2025\/10\/IMG_20251127_132112-scaled-e1765898767457-2048x1365.jpg 2048w, https:\/\/royaldent.hu\/wp-content\/uploads\/2025\/10\/IMG_20251127_132112-scaled-e1765898767457-18x12.jpg 18w\" sizes=\"(max-width: 800px) 100vw, 800px\" \/><\/div><\/a>\n\t\t\t\t<div class=\"elementor-post__text\">\n\t\t\t\t<h3 class=\"elementor-post__title\">\n\t\t\t<a href=\"http:\/\/royaldent.hu\/fa\/2025\/10\/all-on-4-implantatum-esettanulmany\/\" >\n\t\t\t\tAll-on-4 implant\u00e1tum esettanulm\u00e1ny a VIII. ker\u00fcleti Royal Dent fog\u00e1szati klinik\u00e1n\t\t\t<\/a>\n\t\t<\/h3>\n\t\t\t\t<div class=\"elementor-post__excerpt\">\n\t\t\t<p>A budapesti Royal Dent klinik\u00e1n egy p\u00e1ciens All-on-4 implant\u00e1ci\u00f3val eszt\u00e9tikus, r\u00f6gz\u00edtett fogsort kapott, minim\u00e1lis f\u00e1jdalommal.<\/p>\n\t\t<\/div>\n\t\t\n\t\t<a class=\"elementor-post__read-more\" href=\"http:\/\/royaldent.hu\/fa\/2025\/10\/all-on-4-implantatum-esettanulmany\/\" aria-label=\"Read more about All-on-4 implant\u00e1tum esettanulm\u00e1ny a VIII. ker\u00fcleti Royal Dent fog\u00e1szati klinik\u00e1n\" tabindex=\"-1\" >\n\t\t\tTov\u00e1bb olvasom \u00bb\t\t<\/a>\n\n\t\t\t\t<\/div>\n\t\t\t\t<div class=\"elementor-post__meta-data\">\n\t\t\t\t\t<span class=\"elementor-post-date\">\n\t\t\t\u0627\u06a9\u062a\u0628\u0631 22, 2025\t\t<\/span>\n\t\t\t\t<\/div>\n\t\t\t\t\t<\/div>\n\t\t<\/article>\n\t\t\t\t<article class=\"elementor-post elementor-grid-item post-12233 post type-post status-publish format-standard has-post-thumbnail hentry category-uncategorized\" role=\"listitem\">\n\t\t\t<div class=\"elementor-post__card\">\n\t\t\t\t<a class=\"elementor-post__thumbnail__link\" href=\"http:\/\/royaldent.hu\/fa\/2025\/08\/hibrid-fogszabalyozas-a-hagyomanyos-es-a-lathatatlan-fogszabalyozo-tokeletes-kombinacioja\/\" tabindex=\"-1\" ><div class=\"elementor-post__thumbnail\"><img decoding=\"async\" width=\"600\" height=\"400\" src=\"https:\/\/royaldent.hu\/wp-content\/uploads\/2025\/08\/hibrid-fogszabalyozas.png\" class=\"attachment-large size-large wp-image-12244\" alt=\"Hibrid fogszab\u00e1lyoz\u00e1s\" srcset=\"https:\/\/royaldent.hu\/wp-content\/uploads\/2025\/08\/hibrid-fogszabalyozas.png 600w, https:\/\/royaldent.hu\/wp-content\/uploads\/2025\/08\/hibrid-fogszabalyozas-300x200.png 300w, https:\/\/royaldent.hu\/wp-content\/uploads\/2025\/08\/hibrid-fogszabalyozas-18x12.png 18w\" sizes=\"(max-width: 600px) 100vw, 600px\" \/><\/div><\/a>\n\t\t\t\t<div class=\"elementor-post__text\">\n\t\t\t\t<h3 class=\"elementor-post__title\">\n\t\t\t<a href=\"http:\/\/royaldent.hu\/fa\/2025\/08\/hibrid-fogszabalyozas-a-hagyomanyos-es-a-lathatatlan-fogszabalyozo-tokeletes-kombinacioja\/\" >\n\t\t\t\tHibrid fogszab\u00e1lyoz\u00e1s \u2013 A hagyom\u00e1nyos \u00e9s a l\u00e1thatatlan fogszab\u00e1lyoz\u00f3 t\u00f6k\u00e9letes kombin\u00e1ci\u00f3ja\t\t\t<\/a>\n\t\t<\/h3>\n\t\t\t\t<div class=\"elementor-post__excerpt\">\n\t\t\t<p>Ismerje meg a hibrid fogszab\u00e1lyoz\u00e1st, amely a hagyom\u00e1nyos fogszab\u00e1lyoz\u00f3 \u00e9s a l\u00e1thatatlan aligner el\u0151nyeit \u00f6tv\u00f6zi. RoyalDent \u2013 modern, szem\u00e9lyre szabott mosolymegold\u00e1sok.<\/p>\n\t\t<\/div>\n\t\t\n\t\t<a class=\"elementor-post__read-more\" href=\"http:\/\/royaldent.hu\/fa\/2025\/08\/hibrid-fogszabalyozas-a-hagyomanyos-es-a-lathatatlan-fogszabalyozo-tokeletes-kombinacioja\/\" aria-label=\"Read more about Hibrid fogszab\u00e1lyoz\u00e1s \u2013 A hagyom\u00e1nyos \u00e9s a l\u00e1thatatlan fogszab\u00e1lyoz\u00f3 t\u00f6k\u00e9letes kombin\u00e1ci\u00f3ja\" tabindex=\"-1\" >\n\t\t\tTov\u00e1bb olvasom \u00bb\t\t<\/a>\n\n\t\t\t\t<\/div>\n\t\t\t\t<div class=\"elementor-post__meta-data\">\n\t\t\t\t\t<span class=\"elementor-post-date\">\n\t\t\t\u0622\u06af\u0648\u0633\u062a 29, 2025\t\t<\/span>\n\t\t\t\t<\/div>\n\t\t\t\t\t<\/div>\n\t\t<\/article>\n\t\t\t\t<article class=\"elementor-post elementor-grid-item post-12214 post type-post status-publish format-standard has-post-thumbnail hentry category-blog\" role=\"listitem\">\n\t\t\t<div class=\"elementor-post__card\">\n\t\t\t\t<a class=\"elementor-post__thumbnail__link\" href=\"http:\/\/royaldent.hu\/fa\/2025\/07\/digitalis-fogaszat-es-lenyomatvetel-budapesten\/\" tabindex=\"-1\" ><div class=\"elementor-post__thumbnail\"><img loading=\"lazy\" decoding=\"async\" width=\"600\" height=\"400\" src=\"https:\/\/royaldent.hu\/wp-content\/uploads\/2025\/07\/DNP-kepek-10-1.png\" class=\"attachment-large size-large wp-image-12216\" alt=\"Digit\u00e1lis scan \u00e9s lenyomat felv\u00e9telen\" srcset=\"https:\/\/royaldent.hu\/wp-content\/uploads\/2025\/07\/DNP-kepek-10-1.png 600w, https:\/\/royaldent.hu\/wp-content\/uploads\/2025\/07\/DNP-kepek-10-1-300x200.png 300w, https:\/\/royaldent.hu\/wp-content\/uploads\/2025\/07\/DNP-kepek-10-1-18x12.png 18w\" sizes=\"(max-width: 600px) 100vw, 600px\" \/><\/div><\/a>\n\t\t\t\t<div class=\"elementor-post__text\">\n\t\t\t\t<h3 class=\"elementor-post__title\">\n\t\t\t<a href=\"http:\/\/royaldent.hu\/fa\/2025\/07\/digitalis-fogaszat-es-lenyomatvetel-budapesten\/\" >\n\t\t\t\tDigit\u00e1lis fog\u00e1szat \u00e9s lenyomatv\u00e9tel Budapesten, a Corvin negyedn\u00e9l\t\t\t<\/a>\n\t\t<\/h3>\n\t\t\t\t<div class=\"elementor-post__excerpt\">\n\t\t\t<p>Ismerje meg, mi\u00e9rt ny\u00fajt t\u00f6bbet a digit\u00e1lis fog\u00e1szat! A RoyalDent budapesti rendel\u0151j\u00e9ben a Sirios 3D szkennerrel k\u00e9sz\u00edt\u00fcnk pontos, k\u00e9nyelmes fog\u00e1szati lenyomatokat.<\/p>\n\t\t<\/div>\n\t\t\n\t\t<a class=\"elementor-post__read-more\" href=\"http:\/\/royaldent.hu\/fa\/2025\/07\/digitalis-fogaszat-es-lenyomatvetel-budapesten\/\" aria-label=\"Read more about Digit\u00e1lis fog\u00e1szat \u00e9s lenyomatv\u00e9tel Budapesten, a Corvin negyedn\u00e9l\" tabindex=\"-1\" >\n\t\t\tTov\u00e1bb olvasom \u00bb\t\t<\/a>\n\n\t\t\t\t<\/div>\n\t\t\t\t<div class=\"elementor-post__meta-data\">\n\t\t\t\t\t<span class=\"elementor-post-date\">\n\t\t\t\u062c\u0648\u0644\u0627\u06cc 30, 2025\t\t<\/span>\n\t\t\t\t<\/div>\n\t\t\t\t\t<\/div>\n\t\t<\/article>\n\t\t\t\t<article class=\"elementor-post elementor-grid-item post-12191 post type-post status-publish format-standard has-post-thumbnail hentry category-blog\" role=\"listitem\">\n\t\t\t<div class=\"elementor-post__card\">\n\t\t\t\t<a class=\"elementor-post__thumbnail__link\" href=\"http:\/\/royaldent.hu\/fa\/2025\/07\/gyakori-kerdesek-a-fogszabalyozasrol\/\" tabindex=\"-1\" ><div class=\"elementor-post__thumbnail\"><img loading=\"lazy\" decoding=\"async\" width=\"600\" height=\"400\" src=\"https:\/\/royaldent.hu\/wp-content\/uploads\/2025\/07\/DNP-kepek-9.png\" class=\"attachment-large size-large wp-image-12201\" alt=\"Hagyom\u00e1nyos, r\u00f6gz\u00edtett fogszab\u00e1lyoz\u00f3\" srcset=\"https:\/\/royaldent.hu\/wp-content\/uploads\/2025\/07\/DNP-kepek-9.png 600w, https:\/\/royaldent.hu\/wp-content\/uploads\/2025\/07\/DNP-kepek-9-300x200.png 300w, https:\/\/royaldent.hu\/wp-content\/uploads\/2025\/07\/DNP-kepek-9-18x12.png 18w\" sizes=\"(max-width: 600px) 100vw, 600px\" \/><\/div><\/a>\n\t\t\t\t<div class=\"elementor-post__text\">\n\t\t\t\t<h3 class=\"elementor-post__title\">\n\t\t\t<a href=\"http:\/\/royaldent.hu\/fa\/2025\/07\/gyakori-kerdesek-a-fogszabalyozasrol\/\" >\n\t\t\t\tGyakori k\u00e9rd\u00e9sek a fogszab\u00e1lyoz\u00e1sr\u00f3l \u2013 tudjon meg mindent a lehet\u0151s\u00e9geir\u0151l!\t\t\t<\/a>\n\t\t<\/h3>\n\t\t\t\t<div class=\"elementor-post__excerpt\">\n\t\t\t<p>R\u00f6gz\u00edtett vagy l\u00e1thatatlan fogszab\u00e1lyoz\u00f3? Tudjon meg mindent a fogszab\u00e1lyz\u00e1sr\u00f3l! Melyik val\u00f3 \u00d6nnek? Mennyi ideig tart a kezel\u00e9s? Hogyan tartsa tiszt\u00e1n? Olvasson tov\u00e1bb!<\/p>\n\t\t<\/div>\n\t\t\n\t\t<a class=\"elementor-post__read-more\" href=\"http:\/\/royaldent.hu\/fa\/2025\/07\/gyakori-kerdesek-a-fogszabalyozasrol\/\" aria-label=\"Read more about Gyakori k\u00e9rd\u00e9sek a fogszab\u00e1lyoz\u00e1sr\u00f3l \u2013 tudjon meg mindent a lehet\u0151s\u00e9geir\u0151l!\" tabindex=\"-1\" >\n\t\t\tTov\u00e1bb olvasom \u00bb\t\t<\/a>\n\n\t\t\t\t<\/div>\n\t\t\t\t<div class=\"elementor-post__meta-data\">\n\t\t\t\t\t<span class=\"elementor-post-date\">\n\t\t\t\u062c\u0648\u0644\u0627\u06cc 1, 2025\t\t<\/span>\n\t\t\t\t<\/div>\n\t\t\t\t\t<\/div>\n\t\t<\/article>\n\t\t\t\t<article class=\"elementor-post elementor-grid-item post-12059 post type-post status-publish format-standard has-post-thumbnail hentry category-blog\" role=\"listitem\">\n\t\t\t<div class=\"elementor-post__card\">\n\t\t\t\t<a class=\"elementor-post__thumbnail__link\" href=\"http:\/\/royaldent.hu\/fa\/2025\/05\/implantacio-gyakori-kerdesek\/\" tabindex=\"-1\" ><div class=\"elementor-post__thumbnail\"><img loading=\"lazy\" decoding=\"async\" width=\"800\" height=\"600\" src=\"https:\/\/royaldent.hu\/wp-content\/uploads\/2025\/05\/implantatum-felepitmeny-korona.png\" class=\"attachment-large size-large wp-image-12061\" alt=\"Implant\u00e1tum fel\u00e9p\u00edtm\u00e9ny\" srcset=\"https:\/\/royaldent.hu\/wp-content\/uploads\/2025\/05\/implantatum-felepitmeny-korona.png 800w, https:\/\/royaldent.hu\/wp-content\/uploads\/2025\/05\/implantatum-felepitmeny-korona-300x225.png 300w, https:\/\/royaldent.hu\/wp-content\/uploads\/2025\/05\/implantatum-felepitmeny-korona-768x576.png 768w, https:\/\/royaldent.hu\/wp-content\/uploads\/2025\/05\/implantatum-felepitmeny-korona-16x12.png 16w\" sizes=\"(max-width: 800px) 100vw, 800px\" \/><\/div><\/a>\n\t\t\t\t<div class=\"elementor-post__text\">\n\t\t\t\t<h3 class=\"elementor-post__title\">\n\t\t\t<a href=\"http:\/\/royaldent.hu\/fa\/2025\/05\/implantacio-gyakori-kerdesek\/\" >\n\t\t\t\tImplant\u00e1ci\u00f3 GYIK \u2013 A leggyakoribb k\u00e9rd\u00e9sek, amiket p\u00e1cienseink feltesznek\t\t\t<\/a>\n\t\t<\/h3>\n\t\t\t\t<div class=\"elementor-post__excerpt\">\n\t\t\t<p>Fog\u00e1szati implant\u00e1ci\u00f3ra k\u00e9sz\u00fcl? Tudjon meg mindent a kezel\u00e9s menet\u00e9r\u0151l, k\u00f6lts\u00e9gekr\u0151l, garanci\u00e1r\u00f3l \u00e9s a fel\u00e9p\u00edtm\u00e9nyekr\u0151l a RoyalDent seg\u00edts\u00e9g\u00e9vel! R\u00e9szletfizet\u00e9s is el\u00e9rhet\u0151! <\/p>\n\t\t<\/div>\n\t\t\n\t\t<a class=\"elementor-post__read-more\" href=\"http:\/\/royaldent.hu\/fa\/2025\/05\/implantacio-gyakori-kerdesek\/\" aria-label=\"Read more about Implant\u00e1ci\u00f3 GYIK \u2013 A leggyakoribb k\u00e9rd\u00e9sek, amiket p\u00e1cienseink feltesznek\" tabindex=\"-1\" >\n\t\t\tTov\u00e1bb olvasom \u00bb\t\t<\/a>\n\n\t\t\t\t<\/div>\n\t\t\t\t<div class=\"elementor-post__meta-data\">\n\t\t\t\t\t<span class=\"elementor-post-date\">\n\t\t\t\u0645\u06cc 28, 2025\t\t<\/span>\n\t\t\t\t<\/div>\n\t\t\t\t\t<\/div>\n\t\t<\/article>\n\t\t\t\t<\/div>\n\t\t\n\t\t\t\t\t\t<\/div>\n\t\t\t\t<\/div>\n\t\t\t\t\t<\/div>\n\t\t\t\t<\/div>\n\t\t\t\t<\/div>","protected":false},"excerpt":{"rendered":"<p>Blog<\/p>","protected":false},"author":1,"featured_media":0,"parent":0,"menu_order":0,"comment_status":"closed","ping_status":"closed","template":"","meta":{"footnotes":""},"class_list":["post-9238","page","type-page","status-publish","hentry"],"yoast_head":"<!-- This site is optimized with the Yoast SEO plugin v27.3 - https:\/\/yoast.com\/product\/yoast-seo-wordpress\/ -->\n<title>Blog - Royal Dent<\/title>\n<meta name=\"robots\" content=\"index, follow, max-snippet:-1, max-image-preview:large, max-video-preview:-1\" \/>\n<link rel=\"canonical\" href=\"https:\/\/royaldent.hu\/fa\/blog\/\" \/>\n<meta property=\"og:locale\" content=\"fa_IR\" \/>\n<meta property=\"og:type\" content=\"article\" \/>\n<meta property=\"og:title\" content=\"Blog - Royal Dent\" \/>\n<meta property=\"og:description\" content=\"Blog\" \/>\n<meta property=\"og:url\" content=\"https:\/\/royaldent.hu\/fa\/blog\/\" \/>\n<meta property=\"og:site_name\" content=\"Royal Dent\" \/>\n<meta property=\"article:modified_time\" content=\"2024-04-30T08:38:56+00:00\" \/>\n<meta name=\"twitter:card\" content=\"summary_large_image\" \/>\n<meta name=\"twitter:label1\" content=\"\u0632\u0645\u0627\u0646 \u062a\u0642\u0631\u06cc\u0628\u06cc \u0628\u0631\u0627\u06cc \u062e\u0648\u0627\u0646\u062f\u0646\" \/>\n\t<meta name=\"twitter:data1\" content=\"1 \u062f\u0642\u06cc\u0642\u0647\" \/>\n<script type=\"application\/ld+json\" class=\"yoast-schema-graph\">{\"@context\":\"https:\\\/\\\/schema.org\",\"@graph\":[{\"@type\":\"WebPage\",\"@id\":\"https:\\\/\\\/royaldent.hu\\\/blog\\\/\",\"url\":\"https:\\\/\\\/royaldent.hu\\\/blog\\\/\",\"name\":\"Blog - Royal Dent\",\"isPartOf\":{\"@id\":\"https:\\\/\\\/royaldent.hu\\\/#website\"},\"datePublished\":\"2023-11-07T06:38:54+00:00\",\"dateModified\":\"2024-04-30T08:38:56+00:00\",\"breadcrumb\":{\"@id\":\"https:\\\/\\\/royaldent.hu\\\/blog\\\/#breadcrumb\"},\"inLanguage\":\"fa-IR\",\"potentialAction\":[{\"@type\":\"ReadAction\",\"target\":[\"https:\\\/\\\/royaldent.hu\\\/blog\\\/\"]}]},{\"@type\":\"BreadcrumbList\",\"@id\":\"https:\\\/\\\/royaldent.hu\\\/blog\\\/#breadcrumb\",\"itemListElement\":[{\"@type\":\"ListItem\",\"position\":1,\"name\":\"Kezd\u0151lap\",\"item\":\"https:\\\/\\\/royaldent.hu\\\/\"},{\"@type\":\"ListItem\",\"position\":2,\"name\":\"Blog\"}]},{\"@type\":\"WebSite\",\"@id\":\"https:\\\/\\\/royaldent.hu\\\/#website\",\"url\":\"https:\\\/\\\/royaldent.hu\\\/\",\"name\":\"Royal Dent\",\"description\":\"\",\"publisher\":{\"@id\":\"https:\\\/\\\/royaldent.hu\\\/#organization\"},\"potentialAction\":[{\"@type\":\"SearchAction\",\"target\":{\"@type\":\"EntryPoint\",\"urlTemplate\":\"https:\\\/\\\/royaldent.hu\\\/?s={search_term_string}\"},\"query-input\":{\"@type\":\"PropertyValueSpecification\",\"valueRequired\":true,\"valueName\":\"search_term_string\"}}],\"inLanguage\":\"fa-IR\"},{\"@type\":\"Organization\",\"@id\":\"https:\\\/\\\/royaldent.hu\\\/#organization\",\"name\":\"Royal Dent\",\"url\":\"https:\\\/\\\/royaldent.hu\\\/\",\"logo\":{\"@type\":\"ImageObject\",\"inLanguage\":\"fa-IR\",\"@id\":\"https:\\\/\\\/royaldent.hu\\\/#\\\/schema\\\/logo\\\/image\\\/\",\"url\":\"https:\\\/\\\/royaldent.hu\\\/wp-content\\\/uploads\\\/2024\\\/07\\\/Royaldent_logo.png\",\"contentUrl\":\"https:\\\/\\\/royaldent.hu\\\/wp-content\\\/uploads\\\/2024\\\/07\\\/Royaldent_logo.png\",\"width\":550,\"height\":166,\"caption\":\"Royal Dent\"},\"image\":{\"@id\":\"https:\\\/\\\/royaldent.hu\\\/#\\\/schema\\\/logo\\\/image\\\/\"}}]}<\/script>\n<!-- \/ Yoast SEO plugin. -->","yoast_head_json":{"title":"Blog - Royal Dent","robots":{"index":"index","follow":"follow","max-snippet":"max-snippet:-1","max-image-preview":"max-image-preview:large","max-video-preview":"max-video-preview:-1"},"canonical":"https:\/\/royaldent.hu\/fa\/blog\/","og_locale":"fa_IR","og_type":"article","og_title":"Blog - Royal Dent","og_description":"Blog","og_url":"https:\/\/royaldent.hu\/fa\/blog\/","og_site_name":"Royal Dent","article_modified_time":"2024-04-30T08:38:56+00:00","twitter_card":"summary_large_image","twitter_misc":{"\u0632\u0645\u0627\u0646 \u062a\u0642\u0631\u06cc\u0628\u06cc \u0628\u0631\u0627\u06cc \u062e\u0648\u0627\u0646\u062f\u0646":"1 \u062f\u0642\u06cc\u0642\u0647"},"schema":{"@context":"https:\/\/schema.org","@graph":[{"@type":"WebPage","@id":"https:\/\/royaldent.hu\/blog\/","url":"https:\/\/royaldent.hu\/blog\/","name":"Blog - Royal Dent","isPartOf":{"@id":"https:\/\/royaldent.hu\/#website"},"datePublished":"2023-11-07T06:38:54+00:00","dateModified":"2024-04-30T08:38:56+00:00","breadcrumb":{"@id":"https:\/\/royaldent.hu\/blog\/#breadcrumb"},"inLanguage":"fa-IR","potentialAction":[{"@type":"ReadAction","target":["https:\/\/royaldent.hu\/blog\/"]}]},{"@type":"BreadcrumbList","@id":"https:\/\/royaldent.hu\/blog\/#breadcrumb","itemListElement":[{"@type":"ListItem","position":1,"name":"Kezd\u0151lap","item":"https:\/\/royaldent.hu\/"},{"@type":"ListItem","position":2,"name":"Blog"}]},{"@type":"WebSite","@id":"https:\/\/royaldent.hu\/#website","url":"https:\/\/royaldent.hu\/","name":"Royal Dent","description":"","publisher":{"@id":"https:\/\/royaldent.hu\/#organization"},"potentialAction":[{"@type":"SearchAction","target":{"@type":"EntryPoint","urlTemplate":"https:\/\/royaldent.hu\/?s={search_term_string}"},"query-input":{"@type":"PropertyValueSpecification","valueRequired":true,"valueName":"search_term_string"}}],"inLanguage":"fa-IR"},{"@type":"Organization","@id":"https:\/\/royaldent.hu\/#organization","name":"Royal Dent","url":"https:\/\/royaldent.hu\/","logo":{"@type":"ImageObject","inLanguage":"fa-IR","@id":"https:\/\/royaldent.hu\/#\/schema\/logo\/image\/","url":"https:\/\/royaldent.hu\/wp-content\/uploads\/2024\/07\/Royaldent_logo.png","contentUrl":"https:\/\/royaldent.hu\/wp-content\/uploads\/2024\/07\/Royaldent_logo.png","width":550,"height":166,"caption":"Royal Dent"},"image":{"@id":"https:\/\/royaldent.hu\/#\/schema\/logo\/image\/"}}]}},"_links":{"self":[{"href":"http:\/\/royaldent.hu\/fa\/wp-json\/wp\/v2\/pages\/9238","targetHints":{"allow":["GET"]}}],"collection":[{"href":"http:\/\/royaldent.hu\/fa\/wp-json\/wp\/v2\/pages"}],"about":[{"href":"http:\/\/royaldent.hu\/fa\/wp-json\/wp\/v2\/types\/page"}],"author":[{"embeddable":true,"href":"http:\/\/royaldent.hu\/fa\/wp-json\/wp\/v2\/users\/1"}],"replies":[{"embeddable":true,"href":"http:\/\/royaldent.hu\/fa\/wp-json\/wp\/v2\/comments?post=9238"}],"version-history":[{"count":4,"href":"http:\/\/royaldent.hu\/fa\/wp-json\/wp\/v2\/pages\/9238\/revisions"}],"predecessor-version":[{"id":10510,"href":"http:\/\/royaldent.hu\/fa\/wp-json\/wp\/v2\/pages\/9238\/revisions\/10510"}],"wp:attachment":[{"href":"http:\/\/royaldent.hu\/fa\/wp-json\/wp\/v2\/media?parent=9238"}],"curies":[{"name":"wp","href":"https:\/\/api.w.org\/{rel}","templated":true}]}}